{"id":2086,"date":"2018-04-19T17:49:47","date_gmt":"2018-04-19T14:49:47","guid":{"rendered":"http:\/\/argelight.com\/arge\/?post_type=product&#038;p=2086"},"modified":"2018-05-29T00:38:29","modified_gmt":"2018-05-28T21:38:29","slug":"gap","status":"publish","type":"product","link":"http:\/\/argelight.com\/en\/urun\/led-aydinlatma\/dis-mekan-aydinlatma\/led-park-ve-bahce-armaturler\/gap\/","title":{"rendered":"GAP"},"content":{"rendered":"<p><strong>Luminaire<\/strong><br \/>\nCorrosion resistant aluminium housing<br \/>\n<strong>Pole<\/strong><br \/>\nHot dip galvanised steel pole,\u00d8 90 m m mounting fixture<br \/>\n<strong>Surface Coat\u0131ng<\/strong><br \/>\nChemical surface treatment, sand blasting, elec trostatic powder coating<br \/>\n<strong>Installat\u0131on Cable<\/strong><br \/>\n3&#215;1,5 mm<br \/>\n<strong>Colour<\/strong><br \/>\nStandart colors or optinal RAL codes<\/p>","protected":false},"excerpt":{"rendered":"<p>Luminaire Corrosion resistant aluminium housing Pole Hot dip galvanised steel pole,\u00d8 90 m m mounting fixture Surface Coat\u0131ng Chemical surface treatment, sand blasting, elec trostatic powder coating Installat\u0131on Cable 3&#215;1,5 mm Colour Standart colors or optinal RAL codes<\/p>\n","protected":false},"featured_media":2394,"comment_status":"open","ping_status":"closed","template":"","meta":[],"_links":{"self":[{"href":"http:\/\/argelight.com\/en\/wp-json\/wp\/v2\/product\/2086"}],"collection":[{"href":"http:\/\/argelight.com\/en\/wp-json\/wp\/v2\/product"}],"about":[{"href":"http:\/\/argelight.com\/en\/wp-json\/wp\/v2\/types\/product"}],"replies":[{"embeddable":true,"href":"http:\/\/argelight.com\/en\/wp-json\/wp\/v2\/comments?post=2086"}],"wp:featuredmedia":[{"embeddable":true,"href":"http:\/\/argelight.com\/en\/wp-json\/wp\/v2\/media\/2394"}],"wp:attachment":[{"href":"http:\/\/argelight.com\/en\/wp-json\/wp\/v2\/media?parent=2086"}],"curies":[{"name":"wp","href":"https:\/\/api.w.org\/{rel}","templated":true}]}}