{"id":1119,"date":"2014-01-03T10:19:13","date_gmt":"2014-01-03T10:19:13","guid":{"rendered":"http:\/\/themes.fuelthemes.net\/uberstore\/?page_id=5"},"modified":"2014-01-03T10:19:13","modified_gmt":"2014-01-03T10:19:13","slug":"sepet-2","status":"publish","type":"page","link":"http:\/\/argelight.com\/en\/sepet-2\/","title":{"rendered":"Al\u0131\u015fveri\u015f Sepeti"},"content":{"rendered":"\n","protected":false},"excerpt":{"rendered":"","protected":false},"author":4,"featured_media":0,"parent":0,"menu_order":0,"comment_status":"closed","ping_status":"open","template":"","meta":[],"_links":{"self":[{"href":"http:\/\/argelight.com\/en\/wp-json\/wp\/v2\/pages\/1119"}],"collection":[{"href":"http:\/\/argelight.com\/en\/wp-json\/wp\/v2\/pages"}],"about":[{"href":"http:\/\/argelight.com\/en\/wp-json\/wp\/v2\/types\/page"}],"author":[{"embeddable":true,"href":"http:\/\/argelight.com\/en\/wp-json\/wp\/v2\/users\/4"}],"replies":[{"embeddable":true,"href":"http:\/\/argelight.com\/en\/wp-json\/wp\/v2\/comments?post=1119"}],"version-history":[{"count":0,"href":"http:\/\/argelight.com\/en\/wp-json\/wp\/v2\/pages\/1119\/revisions"}],"wp:attachment":[{"href":"http:\/\/argelight.com\/en\/wp-json\/wp\/v2\/media?parent=1119"}],"curies":[{"name":"wp","href":"https:\/\/api.w.org\/{rel}","templated":true}]}}