{"id":102,"date":"2014-02-04T08:01:43","date_gmt":"2014-02-04T08:01:43","guid":{"rendered":"http:\/\/themes.fuelthemes.net\/uberstore\/?page_id=102"},"modified":"2018-10-03T12:33:05","modified_gmt":"2018-10-03T09:33:05","slug":"iletisim","status":"publish","type":"page","link":"http:\/\/argelight.com\/en\/iletisim\/","title":{"rendered":"Contact Us"},"content":{"rendered":"<p>[vc_row][vc_column width=&#8221;1\/2&#8243;][vc_row_inner][vc_column_inner el_class=&#8221;adresfoto&#8221; width=&#8221;1\/2&#8243;]<img width=\"700\" height=\"492\" src=\"http:\/\/argelight.com\/arge\/wp-content\/uploads\/2018\/09\/eks.png\" class=\"animation right-to-left left  attachment-full\" alt=\"\" loading=\"lazy\" srcset=\"http:\/\/argelight.com\/arge\/wp-content\/uploads\/2018\/09\/eks.png 700w, http:\/\/argelight.com\/arge\/wp-content\/uploads\/2018\/09\/eks-300x211.png 300w, http:\/\/argelight.com\/arge\/wp-content\/uploads\/2018\/09\/eks-600x422.png 600w\" sizes=\"(max-width: 700px) 100vw, 700px\" \/>[vc_column_text el_class=&#8221;sosyal_cn&#8221; css=&#8221;.vc_custom_1529420885071{padding-top: 30px !important;}&#8221;]<\/p>\n<p>&nbsp;<\/p>\n<div class=\"title\">Social Media<\/div>\n<div class=\"social-media-menu\">\n<div><a class=\"icon1\" href=\"https:\/\/www.facebook.com\/Argelight-339063056623614\/?modal=composer\" target=\"_blank\" rel=\"noopener\"> <img src=\"http:\/\/argelight.com\/arge\/wp-content\/themes\/uberstore-wp\/img\/facebook.png\" \/> <\/a><\/div>\n<div><a class=\"icon2\" href=\"http:\/\/www.instagram.com\/argelight\" target=\"_blank\" rel=\"noopener\"><img src=\"http:\/\/argelight.com\/arge\/wp-content\/themes\/uberstore-wp\/img\/insta.png\" \/><\/a><\/div>\n<div><a class=\"icon3\" href=\"http:\/\/www.linkedin.com\" target=\"_blank\" rel=\"noopener\"><img src=\"http:\/\/argelight.com\/arge\/wp-content\/themes\/uberstore-wp\/img\/linkedin.png\" \/><\/a><\/div>\n<div><a class=\"icon4\" href=\"https:\/\/www.youtube.com\/channel\/UCFdnVfH5lzKn1JTjch1ZDnw\" target=\"_blank\" rel=\"noopener\"><img src=\"http:\/\/argelight.com\/arge\/wp-content\/themes\/uberstore-wp\/img\/youtube.png\" \/><\/a><\/div>\n<\/div>\n<p>[\/vc_column_text][\/vc_column_inner][vc_column_inner width=&#8221;1\/2&#8243;][vc_column_text css=&#8221;.vc_custom_1537261017484{margin-top: 10px !important;margin-bottom: 20px !important;padding-top: 20px !important;}&#8221;]<div class=\"title\">ADRESS INFORMATION<\/div>\n<p><span style=\"color: #45b968;\"><strong>General Center<br \/>\n<\/strong><\/span>K\u00fc\u00e7\u00fckbakkalk\u00f6y Mah. \u00c7andarl\u0131 Sok.Ek\u015fio\u011flu Plaza No:7 D:6<br \/>\nAta\u015fehir \/ \u0130STANBUL<\/p>\n<p><span class=\"color_11\"><span style=\"color: #45b968;\"><strong>Phone<\/strong><\/span><br \/>\n0216 573 08 07<\/span><\/p>\n<p><span class=\"color_11\"><span style=\"color: #45b968;\"><strong>Mobile<\/strong><\/span><br \/>\n0532 160 13 36<\/span><\/p>\n<p><span style=\"color: #45b968;\"><strong><span class=\"color_11\">E-Mail<br \/>\n<\/span><\/strong><\/span>info@argelight.com<\/p>\n<p><span style=\"color: #45b968;\"><strong>Production<br \/>\n<\/strong><\/span>A\u015f\u0131k Veysel Mh. 3056 Sk. No: 74<br \/>\nAta\u015fehir \/ \u0130stanbul[\/vc_column_text][\/vc_column_inner][\/vc_row_inner][vc_column_text]<iframe style=\"border: 0;\" src=\"https:\/\/www.google.com\/maps\/embed?pb=!1m18!1m12!1m3!1d3012.0881994383244!2d29.111140815947536!3d40.97954947930365!2m3!1f0!2f0!3f0!3m2!1i1024!2i768!4f13.1!3m3!1m2!1s0x14cac750016f14cb%3A0xef81855a3483bc33!2sArge+Light!5e0!3m2!1str!2str!4v1538558754145\" width=\"100%\" height=\"450\" frameborder=\"0\" allowfullscreen=\"allowfullscreen\"><\/iframe>[\/vc_column_text][\/vc_column][vc_column width=&#8221;1\/2&#8243;][vc_column_text css=&#8221;.vc_custom_1529420678696{margin-top: 10px !important;padding-top: 20px !important;}&#8221;]<div class=\"title\">CONTACT FORM<\/div>[\/vc_column_text]<div role=\"form\" class=\"wpcf7\" id=\"wpcf7-f1666-o2\" lang=\"tr-TR\" dir=\"ltr\">\n<div class=\"screen-reader-response\" role=\"alert\" aria-live=\"polite\"><\/div>\n<form action=\"\/en\/wp-json\/wp\/v2\/pages\/102#wpcf7-f1666-o2\" method=\"post\" class=\"wpcf7-form init\" novalidate=\"novalidate\">\n<div style=\"display: none;\">\n<input type=\"hidden\" name=\"_wpcf7\" value=\"1666\" \/>\n<input type=\"hidden\" name=\"_wpcf7_version\" value=\"5.2.2\" \/>\n<input type=\"hidden\" name=\"_wpcf7_locale\" value=\"tr_TR\" \/>\n<input type=\"hidden\" name=\"_wpcf7_unit_tag\" value=\"wpcf7-f1666-o2\" \/>\n<input type=\"hidden\" name=\"_wpcf7_container_post\" value=\"0\" \/>\n<input type=\"hidden\" name=\"_wpcf7_posted_data_hash\" value=\"\" \/>\n<\/div>\n<p><label> Name, Surname *<br \/>\n    <span class=\"wpcf7-form-control-wrap your-name\"><input type=\"text\" name=\"your-name\" value=\"\" size=\"40\" class=\"wpcf7-form-control wpcf7-text wpcf7-validates-as-required\" aria-required=\"true\" aria-invalid=\"false\" \/><\/span> <\/label><\/p>\n<p><label> Phone *<br \/>\n    <span class=\"wpcf7-form-control-wrap telefon\"><input type=\"text\" name=\"telefon\" value=\"\" size=\"40\" class=\"wpcf7-form-control wpcf7-text wpcf7-validates-as-required\" aria-required=\"true\" aria-invalid=\"false\" \/><\/span> <\/label><\/p>\n<p><label> E-Mail *<br \/>\n    <span class=\"wpcf7-form-control-wrap your-email\"><input type=\"email\" name=\"your-email\" value=\"\" size=\"40\" class=\"wpcf7-form-control wpcf7-text wpcf7-email wpcf7-validates-as-required wpcf7-validates-as-email\" aria-required=\"true\" aria-invalid=\"false\" \/><\/span> <\/label><\/p>\n<p><label> Subject<br \/>\n    <span class=\"wpcf7-form-control-wrap your-subject\"><input type=\"text\" name=\"your-subject\" value=\"\" size=\"40\" class=\"wpcf7-form-control wpcf7-text\" aria-invalid=\"false\" \/><\/span> <\/label><\/p>\n<p><label> Message<br \/>\n    <span class=\"wpcf7-form-control-wrap your-message\"><textarea name=\"your-message\" cols=\"40\" rows=\"10\" class=\"wpcf7-form-control wpcf7-textarea\" aria-invalid=\"false\"><\/textarea><\/span> <\/label><\/p>\n<p><input type=\"submit\" value=\"SEND\" class=\"wpcf7-form-control wpcf7-submit\" \/><\/p>\n<div class=\"wpcf7-response-output\" role=\"alert\" aria-hidden=\"true\"><\/div><\/form><\/div>[\/vc_column][\/vc_row][vc_row][vc_column]<aside class=\"gap cf\" style=\"height:50px;\"><\/aside>[\/vc_column][\/vc_row]<\/p>","protected":false},"excerpt":{"rendered":"<p>[vc_row][vc_column width=&#8221;1\/2&#8243;][vc_row_inner][vc_column_inner el_class=&#8221;adresfoto&#8221; width=&#8221;1\/2&#8243;][vc_column_text el_class=&#8221;sosyal_cn&#8221; css=&#8221;.vc_custom_1529420885071{padding-top: 30px !important;}&#8221;] &nbsp; [\/vc_column_text][\/vc_column_inner][vc_column_inner width=&#8221;1\/2&#8243;][vc_column_text css=&#8221;.vc_custom_1537261017484{margin-top: 10px !important;margin-bottom: 20px !important;padding-top: 20px !important;}&#8221;] General Center K\u00fc\u00e7\u00fckbakkalk\u00f6y Mah. \u00c7andarl\u0131 Sok.Ek\u015fio\u011flu Plaza No:7 D:6 Ata\u015fehir \/ \u0130STANBUL Phone 0216 573 08 07 Mobile 0532 160 13 36 E-Mail info@argelight.com Production A\u015f\u0131k Veysel Mh. 3056 Sk. No: 74 Ata\u015fehir \/ \u0130stanbul[\/vc_column_text][\/vc_column_inner][\/vc_row_inner][vc_column_text][\/vc_column_text][\/vc_column][vc_column width=&#8221;1\/2&#8243;][vc_column_text css=&#8221;.vc_custom_1529420678696{margin-top: [&hellip;]<\/p>\n","protected":false},"author":4,"featured_media":0,"parent":0,"menu_order":0,"comment_status":"open","ping_status":"open","template":"","meta":[],"_links":{"self":[{"href":"http:\/\/argelight.com\/en\/wp-json\/wp\/v2\/pages\/102"}],"collection":[{"href":"http:\/\/argelight.com\/en\/wp-json\/wp\/v2\/pages"}],"about":[{"href":"http:\/\/argelight.com\/en\/wp-json\/wp\/v2\/types\/page"}],"author":[{"embeddable":true,"href":"http:\/\/argelight.com\/en\/wp-json\/wp\/v2\/users\/4"}],"replies":[{"embeddable":true,"href":"http:\/\/argelight.com\/en\/wp-json\/wp\/v2\/comments?post=102"}],"version-history":[{"count":27,"href":"http:\/\/argelight.com\/en\/wp-json\/wp\/v2\/pages\/102\/revisions"}],"predecessor-version":[{"id":3476,"href":"http:\/\/argelight.com\/en\/wp-json\/wp\/v2\/pages\/102\/revisions\/3476"}],"wp:attachment":[{"href":"http:\/\/argelight.com\/en\/wp-json\/wp\/v2\/media?parent=102"}],"curies":[{"name":"wp","href":"https:\/\/api.w.org\/{rel}","templated":true}]}}